{"id":1854,"date":"2021-02-03T16:50:48","date_gmt":"2021-02-03T13:50:48","guid":{"rendered":"https:\/\/orcaglobal.com.tr\/hakkimizda\/"},"modified":"2024-05-27T02:33:41","modified_gmt":"2024-05-26T23:33:41","slug":"hakkimizda","status":"publish","type":"page","link":"https:\/\/orcaglobal.com.tr\/tr\/hakkimizda\/","title":{"rendered":"Hakk\u0131m\u0131zda"},"content":{"rendered":"\t\t<div data-elementor-type=\"wp-page\" data-elementor-id=\"1854\" class=\"elementor elementor-1854 elementor-509\">\n\t\t\t\t\t\t<section class=\"elementor-section elementor-top-section elementor-element elementor-element-dae4db7 elementor-section-content-middle elementor-section-boxed elementor-section-height-default elementor-section-height-default\" data-id=\"dae4db7\" data-element_type=\"section\">\n\t\t\t\t\t\t<div class=\"elementor-container elementor-column-gap-default\">\n\t\t\t\t\t<div class=\"elementor-column elementor-col-50 elementor-top-column elementor-element elementor-element-5631a4e\" data-id=\"5631a4e\" data-element_type=\"column\">\n\t\t\t<div class=\"elementor-widget-wrap elementor-element-populated\">\n\t\t\t\t\t\t<div class=\"elementor-element elementor-element-bdfc1a6 oew-background-heading-left elementor-mobile-align-center oew-mobile-background-heading-center elementor-align-left elementor-widget elementor-widget-oew-advanced-heading\" data-id=\"bdfc1a6\" data-element_type=\"widget\" data-widget_type=\"oew-advanced-heading.default\">\n\t\t\t\t<div class=\"elementor-widget-container\">\n\t\t\t\r\n\t\t<div class=\"oew-advanced-heading\">\r\n\r\n\t\t\t\t\t\t\t<h2  class=\"oew-main-heading\">\r\n\t\t\t\t\t<div>\r\n\t\t\t\t\t\t<p>Dan\u0131\u015fmanl\u0131k Nas\u0131l Olmal\u0131?<\/p>\n\r\n\t\t\t\t\t\t\t\t\t\t\t<\/div>\r\n\t\t\t\t<\/h2>\r\n\t\t\t\r\n\t\t<\/div>\r\n\r\n\t\t\t<\/div>\n\t\t\t\t<\/div>\n\t\t\t\t<div class=\"elementor-element elementor-element-4fac154 elementor-widget elementor-widget-heading\" data-id=\"4fac154\" data-element_type=\"widget\" data-widget_type=\"heading.default\">\n\t\t\t\t<div class=\"elementor-widget-container\">\n\t\t\t<style>\/*! elementor - v3.19.0 - 29-01-2024 *\/\n.elementor-heading-title{padding:0;margin:0;line-height:1}.elementor-widget-heading .elementor-heading-title[class*=elementor-size-]>a{color:inherit;font-size:inherit;line-height:inherit}.elementor-widget-heading .elementor-heading-title.elementor-size-small{font-size:15px}.elementor-widget-heading .elementor-heading-title.elementor-size-medium{font-size:19px}.elementor-widget-heading .elementor-heading-title.elementor-size-large{font-size:29px}.elementor-widget-heading .elementor-heading-title.elementor-size-xl{font-size:39px}.elementor-widget-heading .elementor-heading-title.elementor-size-xxl{font-size:59px}<\/style><p class=\"elementor-heading-title elementor-size-default\">2022 y\u0131l\u0131nda kurulan Orca Global, basit bir fikirle do\u011fdu. \u00dcreticiler kendilerine yurtd\u0131\u015f\u0131nda g\u00fcvenilir bir Pazar ararken yurtd\u0131\u015f\u0131ndaki al\u0131c\u0131lar\u0131n ise kaliteli urun tedarik edebilecek ihracat\u00e7\u0131lara ihtiyac\u0131 vard\u0131. \u0130\u015fte tam bu noktada iki tarafa da g\u00fcven olu\u015fturacak tavsiye ve dan\u0131\u015fmanl\u0131k hizmeti vermeye karar verdik. Uluslararas\u0131 ticaret dan\u0131\u015fmanlar\u0131 m\u00fc\u015fterilerine pratik tavsiyeler sunmal\u0131 ve ger\u00e7ek \u00e7\u00f6z\u00fcmlerle anlaml\u0131 de\u011fi\u015fiklikler sa\u011flamal\u0131d\u0131r. <\/p>\t\t<\/div>\n\t\t\t\t<\/div>\n\t\t\t\t<div class=\"elementor-element elementor-element-41548d6 elementor-widget elementor-widget-heading\" data-id=\"41548d6\" data-element_type=\"widget\" data-widget_type=\"heading.default\">\n\t\t\t\t<div class=\"elementor-widget-container\">\n\t\t\t<p class=\"elementor-heading-title elementor-size-default\"><a href=\"https:\/\/orcaglobal.com.tr\/about-us\/\">Devam\u0131n\u0131 Oku \u21fe<\/a><\/p>\t\t<\/div>\n\t\t\t\t<\/div>\n\t\t\t\t\t<\/div>\n\t\t<\/div>\n\t\t\t\t<div class=\"elementor-column elementor-col-50 elementor-top-column elementor-element elementor-element-9eb27b2\" data-id=\"9eb27b2\" data-element_type=\"column\">\n\t\t\t<div class=\"elementor-widget-wrap elementor-element-populated\">\n\t\t\t\t\t\t<div class=\"elementor-element elementor-element-61da6d7 elementor-widget elementor-widget-image\" data-id=\"61da6d7\" data-element_type=\"widget\" data-widget_type=\"image.default\">\n\t\t\t\t<div class=\"elementor-widget-container\">\n\t\t\t<style>\/*! elementor - v3.19.0 - 29-01-2024 *\/\n.elementor-widget-image{text-align:center}.elementor-widget-image a{display:inline-block}.elementor-widget-image a img[src$=\".svg\"]{width:48px}.elementor-widget-image img{vertical-align:middle;display:inline-block}<\/style>\t\t\t\t\t\t\t\t\t\t<img fetchpriority=\"high\" decoding=\"async\" width=\"961\" height=\"961\" src=\"https:\/\/orcaglobal.com.tr\/wp-content\/uploads\/2024\/02\/orca-trade.jpg\" class=\"attachment-full size-full wp-image-1309\" alt=\"\" srcset=\"https:\/\/orcaglobal.com.tr\/wp-content\/uploads\/2024\/02\/orca-trade.jpg 961w, https:\/\/orcaglobal.com.tr\/wp-content\/uploads\/2024\/02\/orca-trade-300x300.jpg 300w, https:\/\/orcaglobal.com.tr\/wp-content\/uploads\/2024\/02\/orca-trade-150x150.jpg 150w, https:\/\/orcaglobal.com.tr\/wp-content\/uploads\/2024\/02\/orca-trade-768x768.jpg 768w, https:\/\/orcaglobal.com.tr\/wp-content\/uploads\/2024\/02\/orca-trade-600x600.jpg 600w\" sizes=\"(max-width: 961px) 100vw, 961px\" \/>\t\t\t\t\t\t\t\t\t\t\t\t\t<\/div>\n\t\t\t\t<\/div>\n\t\t\t\t\t<\/div>\n\t\t<\/div>\n\t\t\t\t\t<\/div>\n\t\t<\/section>\n\t\t\t\t<section class=\"elementor-section elementor-top-section elementor-element elementor-element-da24e87 elementor-section-height-min-height elementor-section-boxed elementor-section-height-default elementor-section-items-middle\" data-id=\"da24e87\" data-element_type=\"section\" data-settings=\"{&quot;background_background&quot;:&quot;classic&quot;}\">\n\t\t\t\t\t\t\t<div class=\"elementor-background-overlay\"><\/div>\n\t\t\t\t\t\t\t<div class=\"elementor-container elementor-column-gap-default\">\n\t\t\t\t\t<div class=\"elementor-column elementor-col-100 elementor-top-column elementor-element elementor-element-a4e845f\" data-id=\"a4e845f\" data-element_type=\"column\">\n\t\t\t<div class=\"elementor-widget-wrap elementor-element-populated\">\n\t\t\t\t\t\t<div class=\"elementor-element elementor-element-567fde5 elementor-align-left oew-background-heading-left elementor-widget elementor-widget-oew-advanced-heading\" data-id=\"567fde5\" data-element_type=\"widget\" data-widget_type=\"oew-advanced-heading.default\">\n\t\t\t\t<div class=\"elementor-widget-container\">\n\t\t\t\r\n\t\t<div class=\"oew-advanced-heading\">\r\n\r\n\t\t\t\t\t\t\t<h2  class=\"oew-main-heading\">\r\n\t\t\t\t\t<div>\r\n\t\t\t\t\t\t<p>\u0130\u015fletmenizi De\u011fi\u015ftirmeye<br \/> Haz\u0131r M\u0131s\u0131n\u0131z?<\/p>\n\r\n\t\t\t\t\t\t\t\t\t\t\t<\/div>\r\n\t\t\t\t<\/h2>\r\n\t\t\t\r\n\t\t<\/div>\r\n\r\n\t\t\t<\/div>\n\t\t\t\t<\/div>\n\t\t\t\t<div class=\"elementor-element elementor-element-5efce15 elementor-widget elementor-widget-heading\" data-id=\"5efce15\" data-element_type=\"widget\" data-widget_type=\"heading.default\">\n\t\t\t\t<div class=\"elementor-widget-container\">\n\t\t\t<p class=\"elementor-heading-title elementor-size-default\"><a href=\"https:\/\/orcaglobal.com.tr\/\/tr\/bize-ulasin\/\">Randevu Al\u0131n \u21fe<\/a><\/p>\t\t<\/div>\n\t\t\t\t<\/div>\n\t\t\t\t\t<\/div>\n\t\t<\/div>\n\t\t\t\t\t<\/div>\n\t\t<\/section>\n\t\t\t\t<section class=\"elementor-section elementor-top-section elementor-element elementor-element-c644108 elementor-section-content-middle elementor-hidden-tablet elementor-hidden-mobile elementor-section-boxed elementor-section-height-default elementor-section-height-default\" data-id=\"c644108\" data-element_type=\"section\">\n\t\t\t\t\t\t<div class=\"elementor-container elementor-column-gap-default\">\n\t\t\t\t\t<div class=\"elementor-column elementor-col-50 elementor-top-column elementor-element elementor-element-4e70f6a\" data-id=\"4e70f6a\" data-element_type=\"column\">\n\t\t\t<div class=\"elementor-widget-wrap elementor-element-populated\">\n\t\t\t\t\t\t<div class=\"elementor-element elementor-element-39dead6 elementor-widget elementor-widget-image\" data-id=\"39dead6\" data-element_type=\"widget\" data-widget_type=\"image.default\">\n\t\t\t\t<div class=\"elementor-widget-container\">\n\t\t\t\t\t\t\t\t\t\t\t\t\t<img decoding=\"async\" width=\"640\" height=\"640\" src=\"https:\/\/orcaglobal.com.tr\/wp-content\/uploads\/2024\/05\/import-export-exotic-fruits.jpg\" class=\"attachment-full size-full wp-image-1597\" alt=\"\" srcset=\"https:\/\/orcaglobal.com.tr\/wp-content\/uploads\/2024\/05\/import-export-exotic-fruits.jpg 640w, https:\/\/orcaglobal.com.tr\/wp-content\/uploads\/2024\/05\/import-export-exotic-fruits-300x300.jpg 300w, https:\/\/orcaglobal.com.tr\/wp-content\/uploads\/2024\/05\/import-export-exotic-fruits-150x150.jpg 150w, https:\/\/orcaglobal.com.tr\/wp-content\/uploads\/2024\/05\/import-export-exotic-fruits-600x600.jpg 600w\" sizes=\"(max-width: 640px) 100vw, 640px\" \/>\t\t\t\t\t\t\t\t\t\t\t\t\t<\/div>\n\t\t\t\t<\/div>\n\t\t\t\t\t<\/div>\n\t\t<\/div>\n\t\t\t\t<div class=\"elementor-column elementor-col-50 elementor-top-column elementor-element elementor-element-1fe32ad\" data-id=\"1fe32ad\" data-element_type=\"column\">\n\t\t\t<div class=\"elementor-widget-wrap elementor-element-populated\">\n\t\t\t\t\t\t<div class=\"elementor-element elementor-element-55b59ee elementor-align-left oew-background-heading-left elementor-widget elementor-widget-oew-advanced-heading\" data-id=\"55b59ee\" data-element_type=\"widget\" data-widget_type=\"oew-advanced-heading.default\">\n\t\t\t\t<div class=\"elementor-widget-container\">\n\t\t\t\r\n\t\t<div class=\"oew-advanced-heading\">\r\n\r\n\t\t\t\t\t\t\t<h2  class=\"oew-main-heading\">\r\n\t\t\t\t\t<div>\r\n\t\t\t\t\t\t<p>Sahne Arkas\u0131<\/p>\n\r\n\t\t\t\t\t\t\t\t\t\t\t<\/div>\r\n\t\t\t\t<\/h2>\r\n\t\t\t\r\n\t\t<\/div>\r\n\r\n\t\t\t<\/div>\n\t\t\t\t<\/div>\n\t\t\t\t<div class=\"elementor-element elementor-element-5217a03 elementor-widget elementor-widget-heading\" data-id=\"5217a03\" data-element_type=\"widget\" data-widget_type=\"heading.default\">\n\t\t\t\t<div class=\"elementor-widget-container\">\n\t\t\t<p class=\"elementor-heading-title elementor-size-default\">Kurucumuz \u00d6mer G\u00f6kseyito\u011flu, kariyerine tar\u0131m \u00fcr\u00fcnlerinde yabanc\u0131 al\u0131c\u0131lar\u0131n istedi\u011fi oranlarda pestisit i\u00e7eren tar\u0131m \u00fcr\u00fcnlerinin belirlenmesi ve bu \u00fcr\u00fcnlerin yurt d\u0131\u015f\u0131na sat\u0131s\u0131 ile ba\u015flad\u0131. Daha sonra uluslararas\u0131 pazarda b\u00fcy\u00fck yeri olan bir firmada uluslararas\u0131 sat\u0131\u015ftan sorumlu olarak g\u00f6rev yapt\u0131. <\/p>\t\t<\/div>\n\t\t\t\t<\/div>\n\t\t\t\t<div class=\"elementor-element elementor-element-76acf6e elementor-widget elementor-widget-heading\" data-id=\"76acf6e\" data-element_type=\"widget\" data-widget_type=\"heading.default\">\n\t\t\t\t<div class=\"elementor-widget-container\">\n\t\t\t<p class=\"elementor-heading-title elementor-size-default\">Uluslararas\u0131 ticaret uzmanl\u0131\u011f\u0131 ile tan\u0131nan \u00d6mer Gokseyitoglu, \u00f6zellikle g\u0131da \u00fcr\u00fcnleri ihracat\u0131nda edindi\u011fi tecr\u00fcbeler ile uluslararas\u0131 ticaretin geli\u015fmesi i\u00e7in \u00fclkesine ve m\u00fc\u015fterilerine \u00fcst s\u0131n\u0131f destek vermeye devam etmektedir.<\/p>\t\t<\/div>\n\t\t\t\t<\/div>\n\t\t\t\t<div class=\"elementor-element elementor-element-359d042 elementor-widget elementor-widget-heading\" data-id=\"359d042\" data-element_type=\"widget\" data-widget_type=\"heading.default\">\n\t\t\t\t<div class=\"elementor-widget-container\">\n\t\t\t<p class=\"elementor-heading-title elementor-size-default\"><a href=\"#\">Devam\u0131n\u0131 Oku \u21fe<\/a><\/p>\t\t<\/div>\n\t\t\t\t<\/div>\n\t\t\t\t\t<\/div>\n\t\t<\/div>\n\t\t\t\t\t<\/div>\n\t\t<\/section>\n\t\t\t\t<section class=\"elementor-section elementor-top-section elementor-element elementor-element-3928957 elementor-section-height-min-height elementor-section-content-middle elementor-section-boxed elementor-section-height-default elementor-section-items-middle\" data-id=\"3928957\" data-element_type=\"section\" data-settings=\"{&quot;background_background&quot;:&quot;classic&quot;}\">\n\t\t\t\t\t\t<div class=\"elementor-container elementor-column-gap-no\">\n\t\t\t\t\t<div class=\"elementor-column elementor-col-100 elementor-top-column elementor-element elementor-element-2d81234\" data-id=\"2d81234\" data-element_type=\"column\">\n\t\t\t<div class=\"elementor-widget-wrap elementor-element-populated\">\n\t\t\t\t\t\t<div class=\"elementor-element elementor-element-6e9562f elementor-align-left oew-background-heading-left elementor-widget elementor-widget-oew-advanced-heading\" data-id=\"6e9562f\" data-element_type=\"widget\" data-widget_type=\"oew-advanced-heading.default\">\n\t\t\t\t<div class=\"elementor-widget-container\">\n\t\t\t\r\n\t\t<div class=\"oew-advanced-heading\">\r\n\r\n\t\t\t\t\t\t\t<div class=\"oew-background-heading oew-has-bg\">\r\n\t\t\t\t\t<div>Yorumlar\n<\/div>\r\n\t\t\t\t<\/div>\r\n\t\t\t\t\t\t\t<h2  class=\"oew-main-heading\">\r\n\t\t\t\t\t<div>\r\n\t\t\t\t\t\t<p>\u0130nsanlar Bizim Hakk\u0131m\u0131zda Ne S\u00f6yl\u00fcyorlar?<\/p>\n\r\n\t\t\t\t\t\t\t\t\t\t\t<\/div>\r\n\t\t\t\t<\/h2>\r\n\t\t\t\r\n\t\t<\/div>\r\n\r\n\t\t\t<\/div>\n\t\t\t\t<\/div>\n\t\t\t\t<div class=\"elementor-element elementor-element-062dc68 elementor-widget elementor-widget-oew-testimonial-carousel\" data-id=\"062dc68\" data-element_type=\"widget\" data-widget_type=\"oew-testimonial-carousel.default\">\n\t\t\t\t<div class=\"elementor-widget-container\">\n\t\t\t\n\t\t<div class=\"oew-testimonial-carousel swiper-container-wrap clr\">\n\n\t\t\t<div class=\"oew-testimonial-wrapper oew-carousel-container oew-testimonial-text-align-left oew-testimonial-bubble swiper has-dots\" data-settings=\"{&quot;items&quot;:1,&quot;slides&quot;:1,&quot;margin&quot;:10,&quot;effect&quot;:&quot;slide&quot;,&quot;speed&quot;:400,&quot;autoplay&quot;:&quot;0&quot;,&quot;loop&quot;:&quot;1&quot;,&quot;dots&quot;:&quot;1&quot;}\">\n\n\t\t\t\t<div class=\"swiper-wrapper\">\n\n\t\t\t\t\t\n\t\t\t\t\t\t<div class=\"swiper-slide\">\n\n\t\t\t\t\t\t\t\n\t\t\t\t\t\t\t\t<div class=\"oew-testimonial-content\">\n\t\t\t\t\t\t\t\t\t<div class=\"oew-testimonial-content-inner\">\n\t\t\t\t\t\t\t\t\t\t\"Working with Orca Global was a game-changer for our company. Their in-depth market analysis and customized solutions opened up new opportunities in markets we hadn't considered before. Their professional and proactive approach made all the difference.\"\t\t\t\t\t\t\t\t\t<\/div>\n\n\t\t\t\t\t\t\t\t\t\t\t\t\t\t\t\t\t<\/div>\n\t\t\t\t\t\t\t\t<div class=\"oew-testimonial-meta oew-testimonial-image-position-aside\"><div class=\"oew-testimonial-meta-inner\"><div class=\"oew-testimonial-details\"><div class=\"oew-testimonial-name\">Nadia M.<\/div><\/div><\/div><\/div>\n\t\t\t\t\t\t<\/div>\n\n\t\t\t\t\t\t\n\t\t\t\t\t\t<div class=\"swiper-slide\">\n\n\t\t\t\t\t\t\t\n\t\t\t\t\t\t\t\t<div class=\"oew-testimonial-content oew-testimonial-content\">\n\t\t\t\t\t\t\t\t\t<div class=\"oew-testimonial-content-inner oew-testimonial-content-inner\">\n\t\t\t\t\t\t\t\t\t\t\"Orca Global's comprehensive services, from market research to logistics support, have been invaluable to our operation. They've helped us navigate regulatory challenges effortlessly, making international trade much less intimidating.\"\t\t\t\t\t\t\t\t\t<\/div>\n\n\t\t\t\t\t\t\t\t\t\t\t\t\t\t\t\t\t<\/div>\n\t\t\t\t\t\t\t\t<div class=\"oew-testimonial-meta oew-testimonial-image-position-aside oew-testimonial-meta oew-testimonial-image-position-aside\"><div class=\"oew-testimonial-meta-inner\"><div class=\"oew-testimonial-details\"><div class=\"oew-testimonial-name oew-testimonial-name\">Mike K.<\/div><\/div><\/div><\/div>\n\t\t\t\t\t\t<\/div>\n\n\t\t\t\t\t\t\n\t\t\t\t\t\t<div class=\"swiper-slide\">\n\n\t\t\t\t\t\t\t\n\t\t\t\t\t\t\t\t<div class=\"oew-testimonial-content oew-testimonial-content oew-testimonial-content\">\n\t\t\t\t\t\t\t\t\t<div class=\"oew-testimonial-content-inner oew-testimonial-content-inner oew-testimonial-content-inner\">\n\t\t\t\t\t\t\t\t\t\t\"The level of personalized service and expertise Orca Global offers is outstanding. They've been instrumental in helping us identify and capitalize on emerging trends in our industry, giving us a competitive edge in the global market.\"\t\t\t\t\t\t\t\t\t<\/div>\n\n\t\t\t\t\t\t\t\t\t\t\t\t\t\t\t\t\t<\/div>\n\t\t\t\t\t\t\t\t<div class=\"oew-testimonial-meta oew-testimonial-image-position-aside oew-testimonial-meta oew-testimonial-image-position-aside oew-testimonial-meta oew-testimonial-image-position-aside\"><div class=\"oew-testimonial-meta-inner\"><div class=\"oew-testimonial-details\"><div class=\"oew-testimonial-name oew-testimonial-name oew-testimonial-name\">Sandra K.<\/div><\/div><\/div><\/div>\n\t\t\t\t\t\t<\/div>\n\n\t\t\t\t\t\t\n\t\t\t\t\t\t<div class=\"swiper-slide\">\n\n\t\t\t\t\t\t\t\n\t\t\t\t\t\t\t\t<div class=\"oew-testimonial-content oew-testimonial-content oew-testimonial-content oew-testimonial-content\">\n\t\t\t\t\t\t\t\t\t<div class=\"oew-testimonial-content-inner oew-testimonial-content-inner oew-testimonial-content-inner oew-testimonial-content-inner\">\n\t\t\t\t\t\t\t\t\t\t\"As a small business owner, navigating the complex world of import and export was daunting until I partnered with Orca Global. Their team not only simplified the process but also provided personalized strategies that significantly boosted my international sales.\"\t\t\t\t\t\t\t\t\t<\/div>\n\n\t\t\t\t\t\t\t\t\t\t\t\t\t\t\t\t\t<\/div>\n\t\t\t\t\t\t\t\t<div class=\"oew-testimonial-meta oew-testimonial-image-position-aside oew-testimonial-meta oew-testimonial-image-position-aside oew-testimonial-meta oew-testimonial-image-position-aside oew-testimonial-meta oew-testimonial-image-position-aside\"><div class=\"oew-testimonial-meta-inner\"><div class=\"oew-testimonial-details\"><div class=\"oew-testimonial-name oew-testimonial-name oew-testimonial-name oew-testimonial-name\">Sezer M.<\/div><\/div><\/div><\/div>\n\t\t\t\t\t\t<\/div>\n\n\t\t\t\t\t\t\n\t\t\t\t<\/div>\n\n\t\t\t<\/div>\n\n\t\t\t\t\t\t\t<div class=\"swiper-pagination swiper-pagination-062dc68\"><\/div>\n\t\t\t\t\n\t\t<\/div>\n\n\t\t\t\t<\/div>\n\t\t\t\t<\/div>\n\t\t\t\t\t<\/div>\n\t\t<\/div>\n\t\t\t\t\t<\/div>\n\t\t<\/section>\n\t\t\t\t<section class=\"elementor-section elementor-top-section elementor-element elementor-element-561db24 elementor-section-content-middle elementor-section-boxed elementor-section-height-default elementor-section-height-default\" data-id=\"561db24\" data-element_type=\"section\" data-settings=\"{&quot;background_background&quot;:&quot;classic&quot;}\">\n\t\t\t\t\t\t<div class=\"elementor-container elementor-column-gap-default\">\n\t\t\t\t\t<div class=\"elementor-column elementor-col-50 elementor-top-column elementor-element elementor-element-27d74c0\" data-id=\"27d74c0\" data-element_type=\"column\">\n\t\t\t<div class=\"elementor-widget-wrap elementor-element-populated\">\n\t\t\t\t\t\t<div class=\"elementor-element elementor-element-402f266 elementor-align-left oew-background-heading-left elementor-tablet-align-center oew-tablet-background-heading-center elementor-widget elementor-widget-oew-advanced-heading\" data-id=\"402f266\" data-element_type=\"widget\" data-widget_type=\"oew-advanced-heading.default\">\n\t\t\t\t<div class=\"elementor-widget-container\">\n\t\t\t\r\n\t\t<div class=\"oew-advanced-heading\">\r\n\r\n\t\t\t\t\t\t\t<a href=\"tel: +90 543 465 04 75\" class=\"oew-main-heading\">\r\n\t\t\t\t\t<div>\r\n\t\t\t\t\t\t<p>+90 (543) 465-0475<\/p>\n\r\n\t\t\t\t\t\t\t\t\t\t\t<\/div>\r\n\t\t\t\t<\/a>\r\n\t\t\t\r\n\t\t<\/div>\r\n\r\n\t\t\t<\/div>\n\t\t\t\t<\/div>\n\t\t\t\t<div class=\"elementor-element elementor-element-9a67cbf elementor-widget elementor-widget-heading\" data-id=\"9a67cbf\" data-element_type=\"widget\" data-widget_type=\"heading.default\">\n\t\t\t\t<div class=\"elementor-widget-container\">\n\t\t\t<p class=\"elementor-heading-title elementor-size-default\">Uluslararas\u0131 ticaretin karma\u015f\u0131k d\u00fcnyas\u0131nda sa\u011flam bir yer edinmek ister misiniz? Orca Global ile i\u015f birli\u011fi yap\u0131n ve k\u00fcresel pazarlara sorunsuz bir giri\u015f yap\u0131n. Uzman dan\u0131\u015fmanl\u0131k ve \u00e7\u00f6z\u00fcm ortaklar\u0131m\u0131z ile dan\u0131\u015fmanl\u0131k arayan firmalara i\u015flerini h\u0131zland\u0131rmak ve onlar\u0131 Global ba\u015far\u0131ya ta\u015f\u0131mak i\u00e7in \u00f6zel \u00e7\u00f6z\u00fcmler sunuyoruz.<\/p>\t\t<\/div>\n\t\t\t\t<\/div>\n\t\t\t\t\t<\/div>\n\t\t<\/div>\n\t\t\t\t<div class=\"elementor-column elementor-col-50 elementor-top-column elementor-element elementor-element-36832dd\" data-id=\"36832dd\" data-element_type=\"column\">\n\t\t\t<div class=\"elementor-widget-wrap elementor-element-populated\">\n\t\t\t\t\t\t<div class=\"elementor-element elementor-element-698a7d8 elementor-align-right elementor-tablet-align-center elementor-widget elementor-widget-button\" data-id=\"698a7d8\" data-element_type=\"widget\" data-widget_type=\"button.default\">\n\t\t\t\t<div class=\"elementor-widget-container\">\n\t\t\t\t\t<div class=\"elementor-button-wrapper\">\n\t\t\t<a class=\"elementor-button elementor-button-link elementor-size-sm\" href=\"https:\/\/orcaglobal.com.tr\/contact-us\/\">\n\t\t\t\t\t\t<span class=\"elementor-button-content-wrapper\">\n\t\t\t\t\t\t<span class=\"elementor-button-text\">Bize Ula\u015f\u0131n<\/span>\n\t\t<\/span>\n\t\t\t\t\t<\/a>\n\t\t<\/div>\n\t\t\t\t<\/div>\n\t\t\t\t<\/div>\n\t\t\t\t\t<\/div>\n\t\t<\/div>\n\t\t\t\t\t<\/div>\n\t\t<\/section>\n\t\t\t\t<\/div>\n\t\t","protected":false},"excerpt":{"rendered":"<p>Dan\u0131\u015fmanl\u0131k Nas\u0131l Olmal\u0131? 2022 y\u0131l\u0131nda kurulan Orca Global, basit bir fikirle do\u011fdu. \u00dcreticiler kendilerine yurtd\u0131\u015f\u0131nda g\u00fcvenilir bir Pazar ararken yurtd\u0131\u015f\u0131ndaki al\u0131c\u0131lar\u0131n ise kaliteli urun tedarik edebilecek ihracat\u00e7\u0131lara ihtiyac\u0131 vard\u0131. \u0130\u015fte tam bu noktada iki tarafa da g\u00fcven olu\u015fturacak tavsiye ve dan\u0131\u015fmanl\u0131k hizmeti vermeye karar verdik. Uluslararas\u0131 ticaret dan\u0131\u015fmanlar\u0131 m\u00fc\u015fterilerine pratik tavsiyeler sunmal\u0131 ve ger\u00e7ek \u00e7\u00f6z\u00fcmlerle [&hellip;]<\/p>\n","protected":false},"author":1,"featured_media":0,"parent":0,"menu_order":0,"comment_status":"closed","ping_status":"closed","template":"","meta":{"footnotes":""},"aioseo_notices":[],"_links":{"self":[{"href":"https:\/\/orcaglobal.com.tr\/tr\/wp-json\/wp\/v2\/pages\/1854"}],"collection":[{"href":"https:\/\/orcaglobal.com.tr\/tr\/wp-json\/wp\/v2\/pages"}],"about":[{"href":"https:\/\/orcaglobal.com.tr\/tr\/wp-json\/wp\/v2\/types\/page"}],"author":[{"embeddable":true,"href":"https:\/\/orcaglobal.com.tr\/tr\/wp-json\/wp\/v2\/users\/1"}],"replies":[{"embeddable":true,"href":"https:\/\/orcaglobal.com.tr\/tr\/wp-json\/wp\/v2\/comments?post=1854"}],"version-history":[{"count":4,"href":"https:\/\/orcaglobal.com.tr\/tr\/wp-json\/wp\/v2\/pages\/1854\/revisions"}],"predecessor-version":[{"id":1931,"href":"https:\/\/orcaglobal.com.tr\/tr\/wp-json\/wp\/v2\/pages\/1854\/revisions\/1931"}],"wp:attachment":[{"href":"https:\/\/orcaglobal.com.tr\/tr\/wp-json\/wp\/v2\/media?parent=1854"}],"curies":[{"name":"wp","href":"https:\/\/api.w.org\/{rel}","templated":true}]}}